{"id":91,"date":"2018-11-19T16:39:44","date_gmt":"2018-11-19T16:39:44","guid":{"rendered":"https:\/\/ramsbergspsk.org\/?page_id=91"},"modified":"2025-01-28T19:29:00","modified_gmt":"2025-01-28T19:29:00","slug":"resultat","status":"publish","type":"page","link":"https:\/\/ramsbergspsk.org\/?page_id=91","title":{"rendered":"Resultat"},"content":{"rendered":"<p>H\u00e4r finns samtliga resultat.<\/p>\n<ul>\n<li><strong><a href=\"https:\/\/ramsbergspsk.org\/?page_id=865\">Ramsbergstr\u00e4ffen<\/a><\/strong><\/li>\n<li><a href=\"https:\/\/ramsbergspsk.org\/?page_id=712\"><strong>Bergslagsm\u00e4sterskap<\/strong><\/a><\/li>\n<li><a href=\"https:\/\/ramsbergspsk.org\/?page_id=1638\"><strong>Vargam\u00f6rkret<\/strong><\/a><\/li>\n<li><strong><a href=\"https:\/\/ramsbergspsk.org\/?page_id=3232\">Vinterserien<\/a><\/strong><\/li>\n<li><a href=\"https:\/\/ramsbergspsk.org\/?page_id=1748\"><strong>Klubbresultat<\/strong><\/a><\/li>\n<\/ul>\n\n\n<p><\/p>\n","protected":false},"excerpt":{"rendered":"<p>H\u00e4r finns samtliga resultat. Ramsbergstr\u00e4ffen Bergslagsm\u00e4sterskap Vargam\u00f6rkret Vinterserien Klubbresultat<\/p>\n","protected":false},"author":3,"featured_media":0,"parent":0,"menu_order":0,"comment_status":"closed","ping_status":"closed","template":"","meta":{"footnotes":""},"class_list":["post-91","page","type-page","status-publish"],"_links":{"self":[{"href":"https:\/\/ramsbergspsk.org\/index.php?rest_route=\/wp\/v2\/pages\/91","targetHints":{"allow":["GET"]}}],"collection":[{"href":"https:\/\/ramsbergspsk.org\/index.php?rest_route=\/wp\/v2\/pages"}],"about":[{"href":"https:\/\/ramsbergspsk.org\/index.php?rest_route=\/wp\/v2\/types\/page"}],"author":[{"embeddable":true,"href":"https:\/\/ramsbergspsk.org\/index.php?rest_route=\/wp\/v2\/users\/3"}],"replies":[{"embeddable":true,"href":"https:\/\/ramsbergspsk.org\/index.php?rest_route=%2Fwp%2Fv2%2Fcomments&post=91"}],"version-history":[{"count":22,"href":"https:\/\/ramsbergspsk.org\/index.php?rest_route=\/wp\/v2\/pages\/91\/revisions"}],"predecessor-version":[{"id":4522,"href":"https:\/\/ramsbergspsk.org\/index.php?rest_route=\/wp\/v2\/pages\/91\/revisions\/4522"}],"wp:attachment":[{"href":"https:\/\/ramsbergspsk.org\/index.php?rest_route=%2Fwp%2Fv2%2Fmedia&parent=91"}],"curies":[{"name":"wp","href":"https:\/\/api.w.org\/{rel}","templated":true}]}}