{"id":865,"date":"2019-01-31T16:25:51","date_gmt":"2019-01-31T16:25:51","guid":{"rendered":"https:\/\/ramsbergspsk.org\/?page_id=865"},"modified":"2025-01-29T15:17:25","modified_gmt":"2025-01-29T15:17:25","slug":"ramsbergstraffen","status":"publish","type":"page","link":"https:\/\/ramsbergspsk.org\/?page_id=865","title":{"rendered":"Ramsbergstr\u00e4ffen"},"content":{"rendered":"\n<p><a href=\"https:\/\/ramsbergspsk.org\/?page_id=1701\">Resultat Ramsbergstr\u00e4ffen F\u00e4lt<\/a><\/p>\n\n\n\n<p><a href=\"https:\/\/ramsbergspsk.org\/?page_id=1704\">Resultat Ramsbergstr\u00e4ffen Precision<\/a><\/p>\n\n\n\n<div class=\"wp-block-file\"><a id=\"wp-block-file--media-099cdb68-bbe5-40a3-a171-c6920b7c75ee\" href=\"https:\/\/ramsbergspsk.org\/wp-content\/uploads\/2025\/01\/Inbjudan-Ramsbergstraffen-falt-2025.pdf\" target=\"_blank\" rel=\"noreferrer noopener\">Inbjudan Ramsbergstr\u00e4ffen f\u00e4lt 2025<\/a><\/div>\n\n\n\n<div class=\"wp-block-file\"><a id=\"wp-block-file--media-092346da-af2c-456a-8280-989195962c65\" href=\"https:\/\/ramsbergspsk.org\/wp-content\/uploads\/2025\/01\/Inbjudan-Ramsbergstraffen-prec-2025.pdf\" target=\"_blank\" rel=\"noreferrer noopener\">Inbjudan Ramsbergstr\u00e4ffen precision 2025<\/a><\/div>\n","protected":false},"excerpt":{"rendered":"<p>Resultat Ramsbergstr\u00e4ffen F\u00e4lt Resultat Ramsbergstr\u00e4ffen Precision<\/p>\n","protected":false},"author":3,"featured_media":0,"parent":0,"menu_order":0,"comment_status":"closed","ping_status":"closed","template":"","meta":{"footnotes":""},"class_list":["post-865","page","type-page","status-publish"],"_links":{"self":[{"href":"https:\/\/ramsbergspsk.org\/index.php?rest_route=\/wp\/v2\/pages\/865","targetHints":{"allow":["GET"]}}],"collection":[{"href":"https:\/\/ramsbergspsk.org\/index.php?rest_route=\/wp\/v2\/pages"}],"about":[{"href":"https:\/\/ramsbergspsk.org\/index.php?rest_route=\/wp\/v2\/types\/page"}],"author":[{"embeddable":true,"href":"https:\/\/ramsbergspsk.org\/index.php?rest_route=\/wp\/v2\/users\/3"}],"replies":[{"embeddable":true,"href":"https:\/\/ramsbergspsk.org\/index.php?rest_route=%2Fwp%2Fv2%2Fcomments&post=865"}],"version-history":[{"count":15,"href":"https:\/\/ramsbergspsk.org\/index.php?rest_route=\/wp\/v2\/pages\/865\/revisions"}],"predecessor-version":[{"id":4583,"href":"https:\/\/ramsbergspsk.org\/index.php?rest_route=\/wp\/v2\/pages\/865\/revisions\/4583"}],"wp:attachment":[{"href":"https:\/\/ramsbergspsk.org\/index.php?rest_route=%2Fwp%2Fv2%2Fmedia&parent=865"}],"curies":[{"name":"wp","href":"https:\/\/api.w.org\/{rel}","templated":true}]}}