{"id":712,"date":"2019-01-07T18:12:52","date_gmt":"2019-01-07T18:12:52","guid":{"rendered":"https:\/\/ramsbergspsk.org\/?page_id=712"},"modified":"2021-09-19T10:33:34","modified_gmt":"2021-09-19T10:33:34","slug":"bergslagsmasterskap","status":"publish","type":"page","link":"https:\/\/ramsbergspsk.org\/?page_id=712","title":{"rendered":"Bergslagsm\u00e4sterskap"},"content":{"rendered":"\n<p>H\u00e4r kommer resultat f\u00f6r Bergslagsm\u00e4sterskap presenteras<br><br><a href=\"https:\/\/ramsbergspsk.org\/?page_id=716\">Resultat&nbsp;Precision<\/a><br><a href=\"https:\/\/ramsbergspsk.org\/?page_id=714\">Resultat&nbsp;F\u00e4lt<\/a><br><\/p>\n\n\n\n<div class=\"wp-block-file\"><a href=\"https:\/\/ramsbergspsk.org\/wp-content\/uploads\/2019\/01\/Bergslagsm\u00e4sterskap-turordning.pdf\" target=\"_blank\" rel=\"noreferrer noopener\">Bergslagsm\u00e4sterskap turordning<\/a><\/div>\n\n\n\n<p><\/p>\n\n\n\n<p><\/p>\n","protected":false},"excerpt":{"rendered":"<p>H\u00e4r kommer resultat f\u00f6r Bergslagsm\u00e4sterskap presenteras Resultat&nbsp;PrecisionResultat&nbsp;F\u00e4lt<\/p>\n","protected":false},"author":3,"featured_media":0,"parent":0,"menu_order":0,"comment_status":"closed","ping_status":"closed","template":"","meta":{"footnotes":""},"class_list":["post-712","page","type-page","status-publish"],"_links":{"self":[{"href":"https:\/\/ramsbergspsk.org\/index.php?rest_route=\/wp\/v2\/pages\/712","targetHints":{"allow":["GET"]}}],"collection":[{"href":"https:\/\/ramsbergspsk.org\/index.php?rest_route=\/wp\/v2\/pages"}],"about":[{"href":"https:\/\/ramsbergspsk.org\/index.php?rest_route=\/wp\/v2\/types\/page"}],"author":[{"embeddable":true,"href":"https:\/\/ramsbergspsk.org\/index.php?rest_route=\/wp\/v2\/users\/3"}],"replies":[{"embeddable":true,"href":"https:\/\/ramsbergspsk.org\/index.php?rest_route=%2Fwp%2Fv2%2Fcomments&post=712"}],"version-history":[{"count":6,"href":"https:\/\/ramsbergspsk.org\/index.php?rest_route=\/wp\/v2\/pages\/712\/revisions"}],"predecessor-version":[{"id":2596,"href":"https:\/\/ramsbergspsk.org\/index.php?rest_route=\/wp\/v2\/pages\/712\/revisions\/2596"}],"wp:attachment":[{"href":"https:\/\/ramsbergspsk.org\/index.php?rest_route=%2Fwp%2Fv2%2Fmedia&parent=712"}],"curies":[{"name":"wp","href":"https:\/\/api.w.org\/{rel}","templated":true}]}}