{"id":2973,"date":"2022-10-25T05:38:53","date_gmt":"2022-10-25T05:38:53","guid":{"rendered":"https:\/\/ramsbergspsk.org\/?page_id=2973"},"modified":"2022-10-31T14:11:05","modified_gmt":"2022-10-31T14:11:05","slug":"valkommen-till-ramsbergs-psk","status":"publish","type":"page","link":"https:\/\/ramsbergspsk.org\/","title":{"rendered":"NYHETER!"},"content":{"rendered":"\n<p>H\u00e4r visas alla nyheter i tidsordning:<\/p>\n\n\n\n<div class=\"wp-block-columns is-layout-flex wp-container-core-columns-is-layout-9d6595d7 wp-block-columns-is-layout-flex\">\n<div class=\"wp-block-column is-layout-flow wp-block-column-is-layout-flow\" style=\"flex-basis:100%\"><ul class=\"wp-block-latest-posts__list has-dates wp-block-latest-posts\"><li><a class=\"wp-block-latest-posts__post-title\" href=\"https:\/\/ramsbergspsk.org\/?p=5113\">Ramsbergstr\u00e4ffen F\u00e4lt 2026<\/a><time datetime=\"2026-04-03T17:47:10+00:00\" class=\"wp-block-latest-posts__post-date\">2026-04-03<\/time><div class=\"wp-block-latest-posts__post-full-content\"><!-- wp:paragraph -->\n<p>V\u00e4lkomna till 50:e upplagan av Ramsbergstr\u00e4ffen F\u00e4lt 25 april 2026. Traditionell f\u00e4ltskjutning 8 stationer i trevlig terr\u00e4ng. <br>Servering kommer att finnas och v\u00e4dret ska bli som b\u00e4st lovar SMHI.<br><a href=\"https:\/\/ramsbergspsk.org\/wp-content\/uploads\/2026\/03\/Inbjudan-Ramsbergstraffen-falt-2026.pdf\" target=\"_blank\" rel=\"noreferrer noopener\">Inbjudan Ramsbergstr\u00e4ffen F\u00e4lt.<\/a><br><a href=\"https:\/\/www.pistolskytte.net\/a\/jym\" target=\"_blank\" rel=\"noreferrer noopener\">Direktl\u00e4nk till anm\u00e4lan.<\/a><br>Mycket V\u00e4lkomna!<\/p>\n<!-- \/wp:paragraph --><\/div><\/li>\n<li><a class=\"wp-block-latest-posts__post-title\" href=\"https:\/\/ramsbergspsk.org\/?p=5140\">Luftpistol omg.3 med KM<\/a><time datetime=\"2026-03-30T21:18:05+00:00\" class=\"wp-block-latest-posts__post-date\">2026-03-30<\/time><div class=\"wp-block-latest-posts__post-full-content\"><!-- wp:paragraph -->\n<p>S\u00e5 var s\u00e4songen ig\u00e5ng p\u00e5 allvar och f\u00f6rsta klubbm\u00e4sterskapet \u00e4r avgjort och det blev ett v\u00e4lbes\u00f6kt m\u00e4sterskap, hela 15 deltagare varav 3 juniorer och 5 damer! Ett rekord i klubbens historia f\u00f6r luftpistolskyttet!<br>LP 11 vinner Ebba Barkman Guldet med 330,9p. LP13 vinner Emil Lindstr\u00f6m Guldet med 425,2p b\u00e5da \u00e4r nyb\u00f6rjare f\u00f6r s\u00e4songen. LP15 vinner Linnea Vikberg Guldet med 377,8p. Damernas m\u00e4sterskap vinner Jessica Svedberg Guldet med 355,7p, silver till Anna Nygren 353,0p och bronset g\u00e5r till Sandra Barkman med 329,6p. seniorernas m\u00e4sterskap vinns av Emil Axling med 450,3p, silver till Thomas From Nygren 448,2p och bronset g\u00e5r till Jonas Sund\u00e9n 434,1p. Grattis till alla medalj\u00f6rer! <a href=\"https:\/\/ramsbergspsk.org\/wp-content\/uploads\/2026\/03\/Luftpistol_2026-3.pdf\" target=\"_blank\" rel=\"noreferrer noopener\">Resultat<\/a><\/p>\n<!-- \/wp:paragraph --><\/div><\/li>\n<li><a class=\"wp-block-latest-posts__post-title\" href=\"https:\/\/ramsbergspsk.org\/?p=5121\">Medaljregn p\u00e5 F\u00e4ltserien i Kristinehamn<\/a><time datetime=\"2026-03-29T10:34:10+00:00\" class=\"wp-block-latest-posts__post-date\">2026-03-29<\/time><div class=\"wp-block-latest-posts__post-full-content\"><!-- wp:paragraph -->\n<p>F\u00e4ltserien i Kristinehamn blev en gyllene tillst\u00e4llning f\u00f6r skyttarna fr\u00e5n Ramsbergs PSK, tre Guldmedaljer och fyra Silvermedaljer.<br>Emma Luth tar Guldmedaljen i Juniorklassen med tre raka segrar! Anna Luth tar Silver i Dam 2, Thomas From Nygren tar hem Guldet i Veteraner \u00c4ldre efter s\u00e4rskjutning, Niklas Bergkvist Guldmedalj\u00f6r i A2 Silvermedalj i A2 optisk och Silver i C2 efter s\u00e4rskjutning och Ove Norlin kammar hem ett silver i A3 optisk. Grattis och mycket bra skjutet. Resultat: <a href=\"https:\/\/ramsbergspsk.org\/wp-content\/uploads\/2026\/03\/Seriefalt-20260307-Kristinehamn.pdf\" target=\"_blank\" rel=\"noreferrer noopener\">260307<\/a>, <a href=\"https:\/\/ramsbergspsk.org\/wp-content\/uploads\/2026\/03\/Seriefalt-20260321-Kristinehamn.pdf\" target=\"_blank\" rel=\"noreferrer noopener\">260321<\/a>, <a href=\"https:\/\/ramsbergspsk.org\/wp-content\/uploads\/2026\/03\/Seriefalt-20260328-Kristinehamn.pdf\" target=\"_blank\" rel=\"noreferrer noopener\">260328<\/a>, <a href=\"https:\/\/ramsbergspsk.org\/wp-content\/uploads\/2026\/03\/Seriefalt-slutresultat-Kristinehamn.pdf\" target=\"_blank\" rel=\"noreferrer noopener\">Slutresultat<\/a><\/p>\n<!-- \/wp:paragraph -->\n\n<!-- wp:image {\"id\":5126,\"width\":\"500px\",\"height\":\"auto\",\"sizeSlug\":\"large\",\"linkDestination\":\"none\",\"className\":\"is-style-rounded\"} -->\n<figure class=\"wp-block-image size-large is-resized is-style-rounded\"><img loading=\"lazy\" decoding=\"async\" width=\"1024\" height=\"768\" src=\"https:\/\/ramsbergspsk.org\/wp-content\/uploads\/2026\/03\/Faltserien-Kristinehamn-2026-1024x768.jpg\" alt=\"\" class=\"wp-image-5126\" style=\"width:500px;height:auto\" srcset=\"https:\/\/ramsbergspsk.org\/wp-content\/uploads\/2026\/03\/Faltserien-Kristinehamn-2026-1024x768.jpg 1024w, https:\/\/ramsbergspsk.org\/wp-content\/uploads\/2026\/03\/Faltserien-Kristinehamn-2026-300x225.jpg 300w, https:\/\/ramsbergspsk.org\/wp-content\/uploads\/2026\/03\/Faltserien-Kristinehamn-2026-768x576.jpg 768w, https:\/\/ramsbergspsk.org\/wp-content\/uploads\/2026\/03\/Faltserien-Kristinehamn-2026-1536x1152.jpg 1536w, https:\/\/ramsbergspsk.org\/wp-content\/uploads\/2026\/03\/Faltserien-Kristinehamn-2026.jpg 2048w\" sizes=\"auto, (max-width: 1024px) 100vw, 1024px\" \/><\/figure>\n<!-- \/wp:image -->\n\n<!-- wp:paragraph -->\n<p><\/p>\n<!-- \/wp:paragraph --><\/div><\/li>\n<li><a class=\"wp-block-latest-posts__post-title\" href=\"https:\/\/ramsbergspsk.org\/?p=5095\">F\u00e4ltserien i Kristinehamn<\/a><time datetime=\"2026-03-11T20:12:15+00:00\" class=\"wp-block-latest-posts__post-date\">2026-03-11<\/time><div class=\"wp-block-latest-posts__post-full-content\"><!-- wp:paragraph -->\n<p>F\u00f6rsta seriet\u00e4vlingen i Kristinehamn 7 mars och flera deltagare fr\u00e5n Ramsbergs PSK var p\u00e5 utflykt. Ove Norlin segrade i AO3 (optiska riktmedel), Niklas Bergkvist segrar A2 och Emma Luth segrare i juniorklassen. <a href=\"https:\/\/ramsbergspsk.org\/wp-content\/uploads\/2026\/03\/Seriefalt-20260307-Kristinehamn.pdf\" target=\"_blank\" rel=\"noreferrer noopener\">Resultat<\/a><\/p>\n<!-- \/wp:paragraph --><\/div><\/li>\n<li><a class=\"wp-block-latest-posts__post-title\" href=\"https:\/\/ramsbergspsk.org\/?p=5084\">Luftpistol omg.2<\/a><time datetime=\"2026-02-23T19:46:38+00:00\" class=\"wp-block-latest-posts__post-date\">2026-02-23<\/time><div class=\"wp-block-latest-posts__post-full-content\"><!-- wp:paragraph -->\n<p>Luftpistol Seriet\u00e4vling omg. 2 med hela 13 deltagare varav tre juniorer och tre damer. roligt att luftpistol har f\u00e5tt ett uppsving. Flera av deltagarna sk\u00f6t sin f\u00f6rsta luftpistol t\u00e4vling denna kv\u00e4ll. Segrare i dagens t\u00e4vling \u00e4r Emil Axling som skjuter 361p, b\u00e4st av juniorerna \u00e4r Emil Lindstr\u00f6m i Lp13 med 336p, Linnea Vikberg Lp15 med 276p och Elias Lindstr\u00f6m Lp20 med 256p. <a href=\"https:\/\/ramsbergspsk.org\/wp-content\/uploads\/2026\/02\/Luftpistol_2026-2.pdf\" target=\"_blank\" rel=\"noreferrer noopener\">Resultat<\/a><\/p>\n<!-- \/wp:paragraph --><\/div><\/li>\n<li><a class=\"wp-block-latest-posts__post-title\" href=\"https:\/\/ramsbergspsk.org\/?p=5061\">Luftpistol omg.1<\/a><time datetime=\"2026-01-19T20:52:08+00:00\" class=\"wp-block-latest-posts__post-date\">2026-01-19<\/time><div class=\"wp-block-latest-posts__post-full-content\"><!-- wp:paragraph -->\n<p>\u00c5ret b\u00f6rjar som brukligt med luftpistol och f\u00f6rsta omg\u00e5ngen bes\u00f6ktes av hela 10 skyttar. H\u00f6gst resultat f\u00f6r kv\u00e4llen skjuter Thomas From Nygren med hela 366p. Emil Lindstr\u00f6m som b\u00f6rjat skjuta luftpistol den h\u00e4r s\u00e4songen, skjuter sin f\u00f6rsta t\u00e4vling i Lp13 och f\u00e5r 283p. <a href=\"https:\/\/ramsbergspsk.org\/wp-content\/uploads\/2026\/01\/Luftpistol_2026-1.pdf\" target=\"_blank\" rel=\"noreferrer noopener\">Resultat<\/a><\/p>\n<!-- \/wp:paragraph --><\/div><\/li>\n<li><a class=\"wp-block-latest-posts__post-title\" href=\"https:\/\/ramsbergspsk.org\/?p=5047\">N\u00e5rssm\u00e4llen 2025<\/a><time datetime=\"2025-12-31T14:40:51+00:00\" class=\"wp-block-latest-posts__post-date\">2025-12-31<\/time><div class=\"wp-block-latest-posts__post-full-content\"><!-- wp:paragraph -->\n<p>Ny\u00e5rssm\u00e4llen 2025 i ett vindstilla och -5 grader v\u00e4der med 22 skyttar p\u00e5 plats.<br>10 stationer med 53 figurer att v\u00e4lja att skjuta p\u00e5. S\u00e4krast p\u00e5 avtryckaren den h\u00e4r ny\u00e5rsaftonen \u00e4r Niklas Bergkvist som bara tappar en tr\u00e4ff med 104p och 250 s\u00e4rskiljnings po\u00e4ng, f\u00f6rsta inteckningen i VPR. Grattis! <a href=\"https:\/\/ramsbergspsk.org\/wp-content\/uploads\/2025\/12\/Nyarsfalt_2025.pdf\" target=\"_blank\" rel=\"noreferrer noopener\">Resultat<\/a><\/p>\n<!-- \/wp:paragraph -->\n\n<!-- wp:paragraph -->\n<p>Alla skyttekamrater till\u00f6nskas ett Gott Nytt \u00c5r!<\/p>\n<!-- \/wp:paragraph -->\n\n<!-- wp:image -->\n<figure class=\"wp-block-image\"><img alt=\"\" \/><\/figure>\n<!-- \/wp:image --><\/div><\/li>\n<li><a class=\"wp-block-latest-posts__post-title\" href=\"https:\/\/ramsbergspsk.org\/?p=5041\">Sparbanken Bergslagen 190-\u00e5rsjubileum<\/a><time datetime=\"2025-12-26T18:07:43+00:00\" class=\"wp-block-latest-posts__post-date\">2025-12-26<\/time><div class=\"wp-block-latest-posts__post-full-content\"><!-- wp:paragraph -->\n<p>Ramsbergs PSK \u00e4r en vinnare i Sparbanken Bergslagens 190-\u00e5rsjubileum. Efter ett bes\u00f6k p\u00e5 banan s\u00e5 erh\u00f6ll vi en utm\u00e4rkelse p\u00e5 20 000 kr, ett fint tillskott till v\u00e5r verksamhet. <a href=\"https:\/\/www.sparbankenbergslagen.se\/om-oss\/artiklar\/samhallsnytta\/vinnare-190\/ramsberg-psk.html\" target=\"_blank\" rel=\"noreferrer noopener\">Se bes\u00f6ket av Sparbanken Bergslagen!<\/a><\/p>\n<!-- \/wp:paragraph --><\/div><\/li>\n<li><a class=\"wp-block-latest-posts__post-title\" href=\"https:\/\/ramsbergspsk.org\/?p=5030\">Luciaf\u00e4ltskjutningen 2025<\/a><time datetime=\"2025-12-13T13:19:54+00:00\" class=\"wp-block-latest-posts__post-date\">2025-12-13<\/time><div class=\"wp-block-latest-posts__post-full-content\"><!-- wp:paragraph -->\n<p>I ett gr\u00e5mulet, disigt, sm\u00e5regnigt v\u00e4der s\u00e5 kom det 20 skyttar f\u00f6r att skjuta \u00e5rets Luciaf\u00e4ltskjutning. Tv\u00e5 skyttar skjuter fullt och med en po\u00e4ng mer i s\u00e4rskiljningspo\u00e4ngen s\u00e5 vinner Tomas Luth 48\/33, 22p f\u00f6re Jokke Hiltuen 48\/33, 21p. Grattis! Dagen till \u00e4ra serverades det gl\u00f6gg, kaffe, lussebulle och pepparkaka. <a href=\"https:\/\/ramsbergspsk.org\/wp-content\/uploads\/2025\/12\/Luciafalt-2025.pdf\" target=\"_blank\" rel=\"noreferrer noopener\">Resultat.<\/a><\/p>\n<!-- \/wp:paragraph -->\n\n<!-- wp:paragraph -->\n<p><\/p>\n<!-- \/wp:paragraph --><\/div><\/li>\n<li><a class=\"wp-block-latest-posts__post-title\" href=\"https:\/\/ramsbergspsk.org\/?p=5014\">Vargam\u00f6rkret 2025<\/a><time datetime=\"2025-11-08T22:35:02+00:00\" class=\"wp-block-latest-posts__post-date\">2025-11-08<\/time><div class=\"wp-block-latest-posts__post-full-content\"><!-- wp:paragraph -->\n<p>\u00c5rets Vargam\u00f6rker avgjordes i ett riktigt h\u00f6stm\u00f6rker, 39 skyttar fr\u00e5n 9 f\u00f6reningar kom p\u00e5 bes\u00f6k.<br>S\u00e4krast i m\u00f6rkret \u00e4r Pontus Schmidt \u00d6rebro PSSK som ensam skjuter fullt och vinner t\u00e4vlingen f\u00f6r tredje \u00e5ret i f\u00f6ljd och tar d\u00e4rmed hem P-O Anderssons vandringspris f\u00f6r alltid, grattis!<br>Lagt\u00e4vlingen vinner \u00d6rebro PSSK och tar sin f\u00f6rsta inteckning i P-O Anderssons minne.<br>Ramsberg tar hem klassegrar i alla klasser utom C3 och VY. Roligt \u00e4r att tv\u00e5 juniorer var med och provade m\u00f6rkerf\u00e4lt.<br>Tack till alla tillresta skyttar och till alla funktion\u00e4rer som st\u00e4llde upp denna kv\u00e4ll. <a href=\"https:\/\/ramsbergspsk.org\/wp-content\/uploads\/2025\/11\/Resultat-Vargamorkret-2025.pdf\" target=\"_blank\" rel=\"noreferrer noopener\">Resultat<\/a><\/p>\n<!-- \/wp:paragraph -->\n\n<!-- wp:image {\"id\":5012,\"width\":\"289px\",\"height\":\"auto\",\"sizeSlug\":\"large\",\"linkDestination\":\"none\"} -->\n<figure class=\"wp-block-image size-large is-resized\"><img loading=\"lazy\" decoding=\"async\" width=\"979\" height=\"1024\" src=\"https:\/\/ramsbergspsk.org\/wp-content\/uploads\/2025\/11\/Vargamorkret-2025-1-979x1024.jpg\" alt=\"\" class=\"wp-image-5012\" style=\"width:289px;height:auto\" srcset=\"https:\/\/ramsbergspsk.org\/wp-content\/uploads\/2025\/11\/Vargamorkret-2025-1-979x1024.jpg 979w, https:\/\/ramsbergspsk.org\/wp-content\/uploads\/2025\/11\/Vargamorkret-2025-1-287x300.jpg 287w, https:\/\/ramsbergspsk.org\/wp-content\/uploads\/2025\/11\/Vargamorkret-2025-1-768x803.jpg 768w, https:\/\/ramsbergspsk.org\/wp-content\/uploads\/2025\/11\/Vargamorkret-2025-1-1469x1536.jpg 1469w, https:\/\/ramsbergspsk.org\/wp-content\/uploads\/2025\/11\/Vargamorkret-2025-1-1959x2048.jpg 1959w\" sizes=\"auto, (max-width: 979px) 100vw, 979px\" \/><\/figure>\n<!-- \/wp:image -->\n\n<!-- wp:paragraph -->\n<p><\/p>\n<!-- \/wp:paragraph --><\/div><\/li>\n<\/ul><\/div>\n<\/div>\n\n\n","protected":false},"excerpt":{"rendered":"<p>H\u00e4r visas alla nyheter i tidsordning:<\/p>\n","protected":false},"author":5,"featured_media":0,"parent":0,"menu_order":0,"comment_status":"closed","ping_status":"closed","template":"","meta":{"footnotes":""},"class_list":["post-2973","page","type-page","status-publish"],"_links":{"self":[{"href":"https:\/\/ramsbergspsk.org\/index.php?rest_route=\/wp\/v2\/pages\/2973","targetHints":{"allow":["GET"]}}],"collection":[{"href":"https:\/\/ramsbergspsk.org\/index.php?rest_route=\/wp\/v2\/pages"}],"about":[{"href":"https:\/\/ramsbergspsk.org\/index.php?rest_route=\/wp\/v2\/types\/page"}],"author":[{"embeddable":true,"href":"https:\/\/ramsbergspsk.org\/index.php?rest_route=\/wp\/v2\/users\/5"}],"replies":[{"embeddable":true,"href":"https:\/\/ramsbergspsk.org\/index.php?rest_route=%2Fwp%2Fv2%2Fcomments&post=2973"}],"version-history":[{"count":16,"href":"https:\/\/ramsbergspsk.org\/index.php?rest_route=\/wp\/v2\/pages\/2973\/revisions"}],"predecessor-version":[{"id":3087,"href":"https:\/\/ramsbergspsk.org\/index.php?rest_route=\/wp\/v2\/pages\/2973\/revisions\/3087"}],"wp:attachment":[{"href":"https:\/\/ramsbergspsk.org\/index.php?rest_route=%2Fwp%2Fv2%2Fmedia&parent=2973"}],"curies":[{"name":"wp","href":"https:\/\/api.w.org\/{rel}","templated":true}]}}