{"id":2000,"date":"2020-03-24T17:52:19","date_gmt":"2020-03-24T17:52:19","guid":{"rendered":"https:\/\/ramsbergspsk.org\/?page_id=2000"},"modified":"2024-10-31T13:43:50","modified_gmt":"2024-10-31T13:43:50","slug":"hitta-till-oss","status":"publish","type":"page","link":"https:\/\/ramsbergspsk.org\/?page_id=2000","title":{"rendered":"Hitta till oss"},"content":{"rendered":"\n<p><a href=\"https:\/\/www.hitta.se\/kartan?search=h%C3%A4cklav%C3%A4gen&amp;st=combined&amp;sst=plc&amp;sids=3002733620&amp;srb=0&amp;s=c9f00045\" target=\"_blank\" rel=\"noreferrer noopener\" aria-label=\"Interaktiv karta (\u00f6ppnas i en ny flik)\">Interaktiv karta<\/a><\/p>\n\n\n\n<p><a href=\"https:\/\/ramsbergspsk.org\/wp-content\/uploads\/2020\/03\/Ramsbergs-PSK.jpg\" target=\"_blank\" rel=\"noreferrer noopener\" aria-label=\"Bild fr\u00e5n luften p\u00e5 v\u00e5r skjutbana (\u00f6ppnas i en ny flik)\">Bild fr\u00e5n luften p\u00e5 v\u00e5r skjutbana<\/a><\/p>\n\n\n\n<p><strong>Koordinater<\/strong><br><small>SWEREF 99 TM<\/small><br>N 6626818,\u00a0E 516754<br><small>WGS84<\/small><br>59\u00b046&#8217;43.8&#8243;N\u00a015\u00b017&#8217;54.1&#8243;E<\/p>\n","protected":false},"excerpt":{"rendered":"<p>Interaktiv karta Bild fr\u00e5n luften p\u00e5 v\u00e5r skjutbana KoordinaterSWEREF 99 TMN 6626818,\u00a0E 516754WGS8459\u00b046&#8217;43.8&#8243;N\u00a015\u00b017&#8217;54.1&#8243;E<\/p>\n","protected":false},"author":3,"featured_media":0,"parent":0,"menu_order":0,"comment_status":"closed","ping_status":"closed","template":"","meta":{"footnotes":""},"class_list":["post-2000","page","type-page","status-publish"],"_links":{"self":[{"href":"https:\/\/ramsbergspsk.org\/index.php?rest_route=\/wp\/v2\/pages\/2000","targetHints":{"allow":["GET"]}}],"collection":[{"href":"https:\/\/ramsbergspsk.org\/index.php?rest_route=\/wp\/v2\/pages"}],"about":[{"href":"https:\/\/ramsbergspsk.org\/index.php?rest_route=\/wp\/v2\/types\/page"}],"author":[{"embeddable":true,"href":"https:\/\/ramsbergspsk.org\/index.php?rest_route=\/wp\/v2\/users\/3"}],"replies":[{"embeddable":true,"href":"https:\/\/ramsbergspsk.org\/index.php?rest_route=%2Fwp%2Fv2%2Fcomments&post=2000"}],"version-history":[{"count":6,"href":"https:\/\/ramsbergspsk.org\/index.php?rest_route=\/wp\/v2\/pages\/2000\/revisions"}],"predecessor-version":[{"id":4443,"href":"https:\/\/ramsbergspsk.org\/index.php?rest_route=\/wp\/v2\/pages\/2000\/revisions\/4443"}],"wp:attachment":[{"href":"https:\/\/ramsbergspsk.org\/index.php?rest_route=%2Fwp%2Fv2%2Fmedia&parent=2000"}],"curies":[{"name":"wp","href":"https:\/\/api.w.org\/{rel}","templated":true}]}}