{"id":2,"date":"2018-04-09T15:47:47","date_gmt":"2018-04-09T15:47:47","guid":{"rendered":"https:\/\/ramsbergspsk.org\/?page_id=2"},"modified":"2025-01-29T09:14:01","modified_gmt":"2025-01-29T09:14:01","slug":"sample-page","status":"publish","type":"page","link":"https:\/\/ramsbergspsk.org\/?page_id=2","title":{"rendered":"Ramsbergs PSK"},"content":{"rendered":"<h2><u><br \/>\nEn kort presentation av<br \/>\nRamsbergs Pistol och Sportskytteklubb<\/u><\/h2>\n<p style=\"font-weight: 400;\"><strong>Ramsbergs PSK bildades den 21 september 1936<\/strong><\/p>\n<p>Som medlem i Ramsbergs PSK har du som junior fri ammunition, (kal .22) p\u00e5 tr\u00e4ningar och t\u00e4vlingar. Fria startavgifter b\u00e5de p\u00e5 hemma och bortat\u00e4vlingar.<br \/>\nSeniorer betalar fullt pris f\u00f6r ammunition och sina egna startavgifter. Startavgifter till f\u00f6ranm\u00e4lda t\u00e4vlingar betalar klubben in gemensamt, s\u00e5 f\u00e5r du som medlem \u00e5terbetala till klubben. Ammunition f\u00f6rs\u00f6ker vi att g\u00f6ra st\u00f6rre ink\u00f6p f\u00f6r att f\u00e5 b\u00e4ttre priser fr\u00e5n\u00a0leverant\u00f6rer.De\u00a0i klubben vanligaste kalibrarna finns att k\u00f6pa hos ammunitions f\u00f6rvaltaren.<\/p>\n<p>Bli med i Ramsbergs Pistol &amp; Sportskytteklubb l\u00e4r dig att skjuta och tr\u00e4ffa trevliga kamrater!<\/p>\n<p>Vill du bli medlem? Se d\u00e5\u00a0<a href=\"https:\/\/ramsbergspsk.org\/?page_id=687\"><u>medlems<\/u><\/a>\u00a0sidan. Klubben har i sin \u00e4go ett antal vapen som l\u00e5nas ut p\u00e5 t\u00e4vlingar och tr\u00e4ningar.<\/p>\n<p>F\u00d6R ATT F\u00c5 L\u00d6SA LICENS OCH K\u00d6PA ETT EGET VAPEN S\u00c5 M\u00c5STE DU HA UPPFYLLT FORDRINGARNA F\u00d6R SVENSKA PISTOLSKYTTEF\u00d6RBUNDETS GULDM\u00c4RKE ELLER SVENSKA SPORTSKYTTEF\u00d6RBUNDETS M\u00c4RKE I SILVER OCH VARA AKTIV MEDLEM OCH VISA ETT GEDIGET INTRESSE F\u00d6R SPORTEN. SAMT DELTAGIT I KURS F\u00d6R GR\u00d6NT KORT OCH AVLAGT GODK\u00c4NT PROV F\u00d6R DETTA. FR\u00c5N 2017 G\u00c4LLER H\u00c5RDARE KRAV FR\u00c5N POLISEN G\u00c4LLANDE AKTIVITETER MER INFO OM DET F\u00c5S VIA KLUBBEN<\/p>\n<p>F\u00f6r att f\u00e5 skjuta med vapen med kaliber .22 s\u00e5 m\u00e5ste vederb\u00f6rande ha fyllt 15 \u00e5r, f\u00f6reningens styrelse kan dock medge att skytt f\u00e5r b\u00f6rja vid annan \u00e5lder. Skytt f\u00e5r\u00a0ej\u00a0skjuta med gr\u00f6vre kaliber \u00e4n .22 f\u00f6rr\u00e4n det \u00e5r vederb\u00f6rande fyller 18 \u00e5r<br \/>\n<strong>Skytt kan b\u00f6rja skjuta med gr\u00f6vre kalibrar tidigare \u00e4n vid 18 \u00e5r f\u00f6rst efter godk\u00e4nnande av <\/strong><strong>f\u00f6reningsstyrelse.<\/strong><\/p>\n<p><u>Fordringarna<\/u>\u00a0f\u00f6r guldm\u00e4rket kan uppfyllas redan f\u00f6rsta \u00e5ret, men\u00a0<u>m\u00e4rkena<\/u>\u00a0kan bara er\u00f6vras ett om \u00e5ret.<\/p>\n<p>Vintertid bedriver klubben luftpistolskytte, i luftskyttehallen vid f.d. Sandstr\u00f6ms i Lindesberg, nu Stor\u00e5 r\u00f6r hallen, ing\u00e5ng fr\u00e5n baksidan. F\u00f6r att skjuta luftpistol, skall man ha fyllt 9 \u00e5r, och f\u00e5r d\u00e5 skjuta med st\u00f6d fram till det \u00e5r man fyller 14 \u00e5r, Ramsbergs PSK har m\u00e5ndagar som tr\u00e4ningskv\u00e4ll<\/p>\n<p>Krutskyttet bedrivs i Ramsberg, vid pistolbanan som ligger bel\u00e4gen 400m bortom fotbollsplanen Vargavallen i Ramsberg.<\/p>\n<p>Tr\u00e4ningen startar i mitten av april och h\u00e5ller p\u00e5 fram till slutet av augusti. D\u00e4rtill l\u00e4ggs \u00f6ver 20 st. seriet\u00e4vlingar i de olika skjutgrenarna. Se kalender f\u00f6r vilka t\u00e4vlingar som skjuts och anordnas.<\/p>\n<p style=\"font-weight: 400;\">Svartkrut seriet\u00e4vling + KM<br \/>\nNy\u00e5rs skjutningen 31\/12 (banf\u00e4lt). + En sommarskjutning,(Ramsbergs Grand Prix) Luciaf\u00e4ltskjutningen och 3st nationella t\u00e4vlingar, Ramsbergstr\u00e4ffen f\u00e4lt och precision 7-serier och\u00a0Vargam\u00f6rkret, m\u00f6rkerf\u00e4lt i november.<\/p>\n<p><strong>Gr\u00f6nt kort f\u00f6r pistolskyttar.<\/strong><\/p>\n<p>F\u00f6r att f\u00e5 tr\u00e4na och t\u00e4vla i pistolskytte med krutvapen m\u00e5ste alla genomg\u00e5 en teoretisk kurs och avl\u00e4gga ett skriftligt prov f\u00f6r att erh\u00e5lla gr\u00f6nt kort. Gr\u00f6na kortet \u00e4r t\u00e4nkt att vara som ett k\u00f6rkort f\u00f6r alla pistolskyttar, och skall uppvisas vid alla t\u00e4vlingar.<\/p>\n<p>I kursavgiften f\u00f6r &#8221;Gr\u00f6na kortet&#8221; ing\u00e5r ocks\u00e5 en prenumeration av f\u00f6rbundets tidning Nationellt Pistolskytte, NP. F\u00f6r resten av skytte\u00e5ret. Avgift f\u00f6r prov f\u00f6r gr\u00f6nt kort s\u00e4tts f\u00f6r varje kurstillf\u00e4lle<\/p>\n<p>Kontaktman f\u00f6r kurser i gr\u00f6nt kort \u00e4r Jonas Sund\u00e9n tel. 070-5934832<\/p>\n<p>Klubbens adress \u00e4r:<br \/>\nRamsbergs PSK<br \/>\nc\/o Jonas Sund\u00e9n<br \/>\nNorra\u00a0Allm\u00e4nningbo\u00a0304<br \/>\n730 91 RIDDARHYTTAN<\/p>\n<h1>V\u00e4lkommen till Ramsbergs Pistol och\u00a0SportskytteKlubb.<\/h1>\n","protected":false},"excerpt":{"rendered":"<p>En kort presentation av Ramsbergs Pistol och Sportskytteklubb Ramsbergs PSK bildades den 21 september 1936 Som medlem i Ramsbergs PSK har du som junior fri ammunition, (kal .22) p\u00e5 tr\u00e4ningar och t\u00e4vlingar. Fria startavgifter b\u00e5de p\u00e5 hemma och bortat\u00e4vlingar. Seniorer betalar fullt pris f\u00f6r ammunition och sina egna startavgifter. Startavgifter till f\u00f6ranm\u00e4lda t\u00e4vlingar betalar klubben &#8230; <a title=\"Ramsbergs PSK\" class=\"read-more\" href=\"https:\/\/ramsbergspsk.org\/?page_id=2\" aria-label=\"L\u00e4s mer om Ramsbergs PSK\">L\u00e4s mer<\/a><\/p>\n","protected":false},"author":3,"featured_media":25,"parent":0,"menu_order":0,"comment_status":"closed","ping_status":"closed","template":"","meta":{"footnotes":""},"class_list":["post-2","page","type-page","status-publish","has-post-thumbnail"],"_links":{"self":[{"href":"https:\/\/ramsbergspsk.org\/index.php?rest_route=\/wp\/v2\/pages\/2","targetHints":{"allow":["GET"]}}],"collection":[{"href":"https:\/\/ramsbergspsk.org\/index.php?rest_route=\/wp\/v2\/pages"}],"about":[{"href":"https:\/\/ramsbergspsk.org\/index.php?rest_route=\/wp\/v2\/types\/page"}],"author":[{"embeddable":true,"href":"https:\/\/ramsbergspsk.org\/index.php?rest_route=\/wp\/v2\/users\/3"}],"replies":[{"embeddable":true,"href":"https:\/\/ramsbergspsk.org\/index.php?rest_route=%2Fwp%2Fv2%2Fcomments&post=2"}],"version-history":[{"count":11,"href":"https:\/\/ramsbergspsk.org\/index.php?rest_route=\/wp\/v2\/pages\/2\/revisions"}],"predecessor-version":[{"id":4540,"href":"https:\/\/ramsbergspsk.org\/index.php?rest_route=\/wp\/v2\/pages\/2\/revisions\/4540"}],"wp:featuredmedia":[{"embeddable":true,"href":"https:\/\/ramsbergspsk.org\/index.php?rest_route=\/wp\/v2\/media\/25"}],"wp:attachment":[{"href":"https:\/\/ramsbergspsk.org\/index.php?rest_route=%2Fwp%2Fv2%2Fmedia&parent=2"}],"curies":[{"name":"wp","href":"https:\/\/api.w.org\/{rel}","templated":true}]}}