{"id":1911,"date":"2020-02-06T13:56:10","date_gmt":"2020-02-06T13:56:10","guid":{"rendered":"https:\/\/ramsbergspsk.org\/?page_id=1911"},"modified":"2026-04-01T21:34:28","modified_gmt":"2026-04-01T21:34:28","slug":"tavling-traning","status":"publish","type":"page","link":"https:\/\/ramsbergspsk.org\/?page_id=1911","title":{"rendered":"T\u00e4vling \/ Tr\u00e4ning"},"content":{"rendered":"\n<div class=\"wp-block-file\"><a id=\"wp-block-file--media-d94f656c-959b-4031-9b9e-ee8b81a0ba8d\" href=\"https:\/\/ramsbergspsk.org\/wp-content\/uploads\/2026\/02\/Tavlingar-2026-1.pdf\" target=\"_blank\" rel=\"noreferrer noopener\">T\u00e4vlingar f\u00f6rsta halv\u00e5ret 2026<\/a><\/div>\n\n\n\n<div class=\"wp-block-file\"><a id=\"wp-block-file--media-7b920539-5b31-44ed-8711-2d373d7a5d6f\" href=\"https:\/\/ramsbergspsk.org\/wp-content\/uploads\/2026\/04\/Traningsprogram-Krut-2026.pdf\">Tr\u00e4ningsprogram Krut 2026<\/a><\/div>\n","protected":false},"excerpt":{"rendered":"","protected":false},"author":3,"featured_media":0,"parent":0,"menu_order":0,"comment_status":"closed","ping_status":"closed","template":"","meta":{"footnotes":""},"class_list":["post-1911","page","type-page","status-publish"],"_links":{"self":[{"href":"https:\/\/ramsbergspsk.org\/index.php?rest_route=\/wp\/v2\/pages\/1911","targetHints":{"allow":["GET"]}}],"collection":[{"href":"https:\/\/ramsbergspsk.org\/index.php?rest_route=\/wp\/v2\/pages"}],"about":[{"href":"https:\/\/ramsbergspsk.org\/index.php?rest_route=\/wp\/v2\/types\/page"}],"author":[{"embeddable":true,"href":"https:\/\/ramsbergspsk.org\/index.php?rest_route=\/wp\/v2\/users\/3"}],"replies":[{"embeddable":true,"href":"https:\/\/ramsbergspsk.org\/index.php?rest_route=%2Fwp%2Fv2%2Fcomments&post=1911"}],"version-history":[{"count":56,"href":"https:\/\/ramsbergspsk.org\/index.php?rest_route=\/wp\/v2\/pages\/1911\/revisions"}],"predecessor-version":[{"id":5143,"href":"https:\/\/ramsbergspsk.org\/index.php?rest_route=\/wp\/v2\/pages\/1911\/revisions\/5143"}],"wp:attachment":[{"href":"https:\/\/ramsbergspsk.org\/index.php?rest_route=%2Fwp%2Fv2%2Fmedia&parent=1911"}],"curies":[{"name":"wp","href":"https:\/\/api.w.org\/{rel}","templated":true}]}}